{"id":16,"date":"2017-11-15T09:43:23","date_gmt":"2017-11-15T09:43:23","guid":{"rendered":"http:\/\/www.powergeco.it\/?page_id=16"},"modified":"2023-07-11T11:53:40","modified_gmt":"2023-07-11T09:53:40","slug":"about","status":"publish","type":"page","link":"https:\/\/www.powergeco.it\/?page_id=16","title":{"rendered":"Chi siamo"},"content":{"rendered":"<p><div class=\"fusion-bg-parallax\" data-bg-align=\"center center\" data-direction=\"up\" data-mute=\"false\" data-opacity=\"100\" data-velocity=\"-0.6\" data-mobile-enabled=\"false\" data-break_parents=\"0\" data-bg-image=\"https:\/\/www.powergeco.it\/wp-content\/uploads\/2018\/02\/bg2.jpg\" data-bg-repeat=\"false\" data-bg-color=\"var(--awb-color2)\" ><\/div><div class=\"fusion-fullwidth fullwidth-box fusion-builder-row-1 fusion-flex-container has-pattern-background has-mask-background fusion-parallax-up nonhundred-percent-fullwidth non-hundred-percent-height-scrolling lazyload\" style=\"--awb-border-radius-top-left:0px;--awb-border-radius-top-right:0px;--awb-border-radius-bottom-right:0px;--awb-border-radius-bottom-left:0px;--awb-padding-top:45px;--awb-background-color:var(--awb-color2);--awb-background-size:cover;--awb-flex-wrap:wrap;\" data-bg=\"https:\/\/www.powergeco.it\/wp-content\/uploads\/2018\/02\/bg2.jpg\" ><div class=\"fusion-builder-row fusion-row fusion-flex-align-items-flex-start fusion-flex-justify-content-center fusion-flex-content-wrap\" style=\"max-width:calc( 1180px + 0px );margin-left: calc(-0px \/ 2 );margin-right: calc(-0px \/ 2 );\"><div class=\"fusion-layout-column fusion_builder_column fusion-builder-column-0 fusion_builder_column_2_3 2_3 fusion-flex-column fusion-animated\" style=\"--awb-bg-blend:overlay;--awb-bg-size:cover;--awb-width-large:66.666666666667%;--awb-margin-top-large:85px;--awb-spacing-right-large:0px;--awb-margin-bottom-large:60px;--awb-spacing-left-large:0px;--awb-width-medium:100%;--awb-spacing-right-medium:0px;--awb-spacing-left-medium:0px;--awb-width-small:100%;--awb-spacing-right-small:0px;--awb-spacing-left-small:0px;\" data-animationType=\"zoomIn\" data-animationDuration=\"0.9\" data-animationOffset=\"top-into-view\"><div class=\"fusion-column-wrapper fusion-flex-justify-content-flex-start fusion-content-layout-column\"><div class=\"fusion-title title fusion-title-1 fusion-sep-none fusion-title-center fusion-title-text fusion-title-size-one\"><h1 class=\"fusion-title-heading title-heading-center fusion-responsive-typography-calculated\" style=\"margin:0;--fontSize:68;line-height:var(--awb-typography1-line-height);\"><span style=\"color: var(--awb-color7);\">LA NOSTRA STORIA<\/span><\/h1><\/div><div class=\"fusion-separator\" style=\"align-self: center;margin-left: auto;margin-right: auto;margin-top:16px;margin-bottom:36px;width:100%;max-width:24%;\"><div class=\"fusion-separator-border sep-single\" style=\"--awb-height:20px;--awb-amount:20px;border-color:var(--awb-color6);border-top-width:2px;\"><\/div><\/div><div class=\"fusion-text fusion-text-1\"><p>Power GECO getta le sue basi tra gli anni 1998 e 2000 quando alcuni soci cominciarono la loro carriera lavorativa come progettisti di una importante azienda italiana di produzione di gruppi elettrogeni e quadri elettrici.<br \/>\nNegli anni 2000 si cominciano ad affrontare in aziende del settore progetti di cogenerazione con motori a gas di potenze medio piccole, concentrandosi sulle taglie che vanno dai 100kW ai 1000kW. \u00c8 in questo periodo che si sperimentano componenti e configurazioni diverse e si cercano soluzioni impiantistiche che aumentino l&#8217;efficienza e riducano i costi di installazione.<br \/>\nDal 2005 al 2009 i fondatori i nostri soci fanno esperienze diverse, anche in settori come l&#8217;impiantistica, il trattamento aria, la climatizzazione industriale, la manutenzione di impianti produttivi<br \/>\n\u00c8 nel 2009 che si comincia a ricostituire il gruppo di lavoro attuale, prima per quanto riguarda la progettazione, ed in seguito si aggiungono i reparti di costruzione quadri e bordo macchina, saldatura e montaggi meccanici, ed infine la manutenzione. Dal 2009 al 2014 gli attuali soci impiegati in una nota azienda del settore collaborano assieme e contribuiscono a portare l&#8217;azienda da un fatturato di circa 4 milioni di euro a oltre 25 milioni di Euro.<br \/>\nNel 2015 l&#8217;azienda a cui abbiamo dato il nostro impegno e molte ore di lavoro chiude le sue porte. \u00c8 da qui che inizia la storia di Power GECO<\/p>\n<p>La storia di Power Geco inizia ufficialmente il 17 maggio 2014 quando gli 8 soci fondano la societ\u00e0. Power Geco nasce sotto i migliori auspici, con tanta voglia di costruire qualcosa di nuovo in un soleggiato pomeriggio di primavera nella cittadina di Feltre (BL). I tempi sono stretti, si devono cominciare a produrre macchine ed impianti per importanti clienti che tutt&#8217;ora collaborano con la nostra societ\u00e0.<br \/>\nPower Geco elegge a sua sede Legale un paese della Marca Trevigiana conosciuto soprattutto per il vino, Valdobbiadene. Ma \u00e8 in realt\u00e0 solo un caso perch\u00e9 qualsiasi paese della laboriosa &#8220;Marca&#8221;, come ad esempio Possagno, Cavaso del Tomba, Col San Martino, Asolo, avrebbe rappresentato lo spirito di Power Geco, spirito che associa alla spiccata imprenditorialit\u00e0 valori profondi come l&#8217;onest\u00e0, l&#8217;etica nei comportamenti ed il massimo rispetto verso gli altri.<br \/>\nSi comincia quindi a produrre nella prima sede operativa di Possagno, grazie ad un accordo di uso delle attrezzature di una realt\u00e0 che oramai aveva fatto il suo corso. Ma la profonda differenza tra un&#8217;imprenditoria padronale ed una prospettiva aperta come quella di Power Geco non poteva durare a lungo ed in poche ore siamo costretti a trovare una nuova sede, con la grande sfida di non interrompere neanche per un giorno il processo produttivo oramai avviato<br \/>\n\u00c8 cos\u00ec che grazie alla disponibilit\u00e0 di una azienda nata anch&#8217;essa da poco tempo, Power Geco trova la sua seconda sede operativa a Cavaso del Tomba, in cui operer\u00e0 fino ad ottobre del 2014. \u00c8 anche grazie allo spirito mutualistico di alcune societ\u00e0, guidate da titolari che hanno una visione del mercato aperta, che societ\u00e0 come Power Geco possono oggi essere presenti nel mercato.<br \/>\nI primi giorni dell&#8217;Ottobre 2014 Power Geco si insedia nella nuova sede operativa di Caselle di Altivole dove dispone di circa 100 mq di uffici e di 1400 mq di officina. \u00c8 chiaro fin da subito che una nuova azienda in un settore come quello dell&#8217;energia, deve offrire qualcosa di diverso rispetto a quanto gi\u00e0 esiste. \u00c8 per questo che tutti gli investimenti sono quindi rivolti nel primo anno ad incrementare il livello tecnologico dell&#8217;azienda che investe fin da subito su strumentazione di prova e certificazione per i quadri elettrici. Inoltre, la societ\u00e0 si dota delle apparecchiature necessarie per la programmazione di apparati elettronici di diverse marche e tipologie, senza per forza abbandonare progetti in cui fosse prescritta una precisa tipologia di prodotto. Anche questo \u00e8 flessibilit\u00e0.<br \/>\nNel 2014, grazie anche a dei clienti importanti che hanno creduto nella societ\u00e0 Power Geco chiude con un fatturato di circa 200.000\u20ac<br \/>\nIl 2015 vede Power Geco impegnata in lavori in italia e all&#8217;estero ed in alcuni casi si occupa di progettazione, costruzione, collaudo e messa in servizio di impianti per la produzione di energia per conto di societ\u00e0 terze. Questo ci ha consentito di dimostrare le nostre competenze in questo settore. Questo anno vede anche la nascita ed il consolidamento del reparto Service che oltre a contratti di manutenzione gestisce manutenzioni straordinarie e attivit\u00e0 di revamping. La societ\u00e0 chiude il 2015 raddoppiando il proprio fatturato e chiudendo con circa 500.000\u20ac<\/p>\n<\/div><\/div><\/div><div class=\"fusion-layout-column fusion_builder_column fusion-builder-column-1 fusion_builder_column_1_1 1_1 fusion-flex-column\" style=\"--awb-bg-blend:overlay;--awb-bg-size:cover;--awb-width-large:100%;--awb-margin-top-large:0px;--awb-spacing-right-large:0px;--awb-margin-bottom-large:0px;--awb-spacing-left-large:0px;--awb-width-medium:100%;--awb-spacing-right-medium:0px;--awb-spacing-left-medium:0px;--awb-width-small:100%;--awb-spacing-right-small:0px;--awb-spacing-left-small:0px;\"><div class=\"fusion-column-wrapper fusion-flex-justify-content-center fusion-content-layout-column\"><div class=\"fusion-section-separator section-separator big-half-circle fusion-section-separator-1\" style=\"--awb-spacer-height:99px;--awb-svg-margin-left:0px;--awb-svg-margin-right:0px;--awb-svg-margin-left-medium:0px;--awb-svg-margin-right-medium:0px;--awb-svg-margin-left-small:0px;--awb-svg-margin-right-small:0px;--awb-divider-height:99px;--awb-spacer-padding-top:inherit;--awb-sep-padding:0;--awb-svg-padding:0;\"><div class=\"fusion-section-separator-svg\"><svg class=\"fusion-big-half-circle-candy\" xmlns=\"http:\/\/www.w3.org\/2000\/svg\" version=\"1.1\" width=\"100%\" height=\"100\" viewBox=\"0 0 100 100\" preserveAspectRatio=\"none\" fill=\"rgba(51,54,69,1)\"><path d=\"M0 100 C40 0 60 0 100 100 Z\"><\/path><\/svg><\/div><div class=\"fusion-section-separator-spacer\"><div class=\"fusion-section-separator-spacer-height\"><\/div><\/div><\/div><\/div><\/div><\/div><\/div><div class=\"fusion-fullwidth fullwidth-box fusion-builder-row-2 fusion-flex-container fusion-parallax-none nonhundred-percent-fullwidth non-hundred-percent-height-scrolling lazyload\" style=\"--awb-border-radius-top-left:0px;--awb-border-radius-top-right:0px;--awb-border-radius-bottom-right:0px;--awb-border-radius-bottom-left:0px;--awb-padding-top:40px;--awb-padding-bottom:70px;--awb-background-color:var(--awb-color7);--awb-background-size:cover;--awb-flex-wrap:wrap;\" data-bg=\"https:\/\/www.powergeco.it\/wp-content\/uploads\/2018\/02\/about_dark.jpg\" ><div class=\"fusion-builder-row fusion-row fusion-flex-align-items-stretch fusion-flex-content-wrap\" style=\"max-width:1227.2px;margin-left: calc(-4% \/ 2 );margin-right: calc(-4% \/ 2 );\"><div class=\"fusion-layout-column fusion_builder_column fusion-builder-column-2 fusion_builder_column_1_6 1_6 fusion-flex-column fusion-no-small-visibility fusion-animated\" style=\"--awb-bg-blend:overlay;--awb-bg-size:cover;--awb-width-large:16.666666666667%;--awb-margin-top-large:15px;--awb-spacing-right-large:11.52%;--awb-margin-bottom-large:15px;--awb-spacing-left-large:11.52%;--awb-width-medium:100%;--awb-spacing-right-medium:1.92%;--awb-spacing-left-medium:1.92%;--awb-width-small:100%;--awb-spacing-right-small:1.92%;--awb-spacing-left-small:1.92%;\" data-animationType=\"zoomIn\" data-animationDuration=\"0.9\" data-animationOffset=\"top-into-view\"><div class=\"fusion-column-wrapper fusion-flex-justify-content-flex-start fusion-content-layout-column\"><\/div><\/div><div class=\"fusion-layout-column fusion_builder_column fusion-builder-column-3 fusion_builder_column_2_3 2_3 fusion-flex-column fusion-animated\" style=\"--awb-bg-blend:overlay;--awb-bg-size:cover;--awb-width-large:66.666666666667%;--awb-margin-top-large:80px;--awb-spacing-right-large:2.88%;--awb-margin-bottom-large:60px;--awb-spacing-left-large:2.88%;--awb-width-medium:100%;--awb-spacing-right-medium:1.92%;--awb-spacing-left-medium:1.92%;--awb-width-small:100%;--awb-spacing-right-small:1.92%;--awb-spacing-left-small:1.92%;\" data-animationType=\"zoomIn\" data-animationDuration=\"0.9\" data-animationOffset=\"top-into-view\"><div class=\"fusion-column-wrapper fusion-flex-justify-content-flex-start fusion-content-layout-column\"><div class=\"fusion-title title fusion-title-2 fusion-sep-none fusion-title-center fusion-title-text fusion-title-size-two\" style=\"--awb-text-color:var(--awb-color1);--awb-margin-top:0px;\"><h2 class=\"fusion-title-heading title-heading-center fusion-responsive-typography-calculated\" style=\"margin:0;--fontSize:44;line-height:var(--awb-typography1-line-height);\">La nostra mission<\/h2><\/div><div class=\"fusion-separator\" style=\"align-self: center;margin-left: auto;margin-right: auto;margin-top:16px;margin-bottom:36px;width:100%;max-width:24%;\"><div class=\"fusion-separator-border sep-single\" style=\"--awb-height:20px;--awb-amount:20px;border-color:var(--awb-color6);border-top-width:2px;\"><\/div><\/div><div class=\"fusion-text fusion-text-2\"><p style=\"text-align: left;\">Rendiamo qui pubblica la nostra mission: I soci della societ\u00e0, tramite Power Geco S.C., intendono proporsi nel mercato dell&#8217;energia con l&#8217;intento di progettare, produrre, manutenere macchine ed impianti di cogenerazione, gruppi elettrogeni ed in generale impianti che permettano di risparmiare energia e portarla dove non \u00e8 ancora una realt\u00e0.<br \/>\nIntendono per\u00f2 farlo mettendo il cliente al centro delle loro attivit\u00e0, e seguendolo non solo nella fase di costruzione ma anche nelle attivit\u00e0 di modifica, revamping con il fine di mantenerne la massima efficienza e redditivit\u00e0 nel tempo.<br \/>\nPower Geco si pone di fronte al cliente non imponendo un proprio modo di fare, ma costruendo un progetto in base alle aspettative del cliente e al budget a disposizione, perch\u00e8 pensiamo che molti clienti potrebbero possedere una macchina Power Geco, anche grazie alla vasta gamma che mettiamo e metteremo a disposizione nel tempo.<br \/>\nIl Vostro risparmio \u00e8 il nostro lavoro &#8211; Your saving, Our business<\/p>\n<\/div><div class=\"fusion-separator\" style=\"align-self: center;margin-left: auto;margin-right: auto;margin-bottom:20px;width:100%;max-width:24%;\"><\/div><\/div><\/div><div class=\"fusion-layout-column fusion_builder_column fusion-builder-column-4 fusion_builder_column_1_6 1_6 fusion-flex-column fusion-no-small-visibility fusion-animated\" style=\"--awb-bg-blend:overlay;--awb-bg-size:cover;--awb-width-large:16.666666666667%;--awb-margin-top-large:15px;--awb-spacing-right-large:11.52%;--awb-margin-bottom-large:15px;--awb-spacing-left-large:11.52%;--awb-width-medium:100%;--awb-spacing-right-medium:1.92%;--awb-spacing-left-medium:1.92%;--awb-width-small:100%;--awb-spacing-right-small:1.92%;--awb-spacing-left-small:1.92%;\" data-animationType=\"zoomIn\" data-animationDuration=\"0.9\" data-animationOffset=\"top-into-view\"><div class=\"fusion-column-wrapper fusion-flex-justify-content-flex-start fusion-content-layout-column\"><\/div><\/div><\/div><\/div><div class=\"fusion-bg-parallax\" data-bg-align=\"center bottom\" data-direction=\"down\" data-mute=\"false\" data-opacity=\"100\" data-velocity=\"-0.6\" data-mobile-enabled=\"false\" data-break_parents=\"0\" data-bg-image=\"https:\/\/www.powergeco.it\/wp-content\/uploads\/2018\/02\/work-bg.jpg\" data-bg-repeat=\"false\" data-bg-color=\"var(--awb-color2)\" ><\/div><div class=\"fusion-fullwidth fullwidth-box fusion-builder-row-3 fusion-flex-container fusion-parallax-down nonhundred-percent-fullwidth non-hundred-percent-height-scrolling lazyload\" style=\"--awb-background-position:center bottom;--awb-border-radius-top-left:0px;--awb-border-radius-top-right:0px;--awb-border-radius-bottom-right:0px;--awb-border-radius-bottom-left:0px;--awb-padding-top:70px;--awb-padding-bottom:50px;--awb-background-color:var(--awb-color2);--awb-background-size:cover;--awb-flex-wrap:wrap;\" data-bg=\"https:\/\/www.powergeco.it\/wp-content\/uploads\/2018\/02\/work-bg.jpg\" ><div class=\"fusion-builder-row fusion-row fusion-flex-align-items-flex-start fusion-flex-justify-content-center fusion-flex-content-wrap\" style=\"max-width:1227.2px;margin-left: calc(-4% \/ 2 );margin-right: calc(-4% \/ 2 );\"><div class=\"fusion-layout-column fusion_builder_column fusion-builder-column-5 fusion_builder_column_2_3 2_3 fusion-flex-column\" style=\"--awb-bg-blend:overlay;--awb-bg-size:cover;--awb-width-large:66.666666666667%;--awb-margin-top-large:90px;--awb-spacing-right-large:2.88%;--awb-margin-bottom-large:2%;--awb-spacing-left-large:2.88%;--awb-width-medium:100%;--awb-spacing-right-medium:1.92%;--awb-spacing-left-medium:1.92%;--awb-width-small:100%;--awb-spacing-right-small:1.92%;--awb-spacing-left-small:1.92%;\"><div class=\"fusion-column-wrapper fusion-flex-justify-content-flex-start fusion-content-layout-column\"><div class=\"fusion-title title fusion-title-3 fusion-sep-none fusion-title-center fusion-title-text fusion-title-size-two\" style=\"--awb-margin-top:0px;\"><h2 class=\"fusion-title-heading title-heading-center fusion-responsive-typography-calculated\" style=\"margin:0;--fontSize:44;line-height:var(--awb-typography1-line-height);\"><strong>Manutenzione in quota<\/strong><\/h2><\/div><div class=\"fusion-separator\" style=\"align-self: center;margin-left: auto;margin-right: auto;margin-top:16px;margin-bottom:36px;width:100%;max-width:24%;\"><div class=\"fusion-separator-border sep-single\" style=\"--awb-height:20px;--awb-amount:20px;border-color:var(--awb-color6);border-top-width:2px;\"><\/div><\/div><div class=\"fusion-text fusion-text-3\"><p>I tecnici Power Geco sono in grado di effettuare manutenzioni a gruppi elettrogeni anche in alta quota<\/p>\n<p>I lavori di manutenzione a quote elevate possono essere complicati da eventi atmosferici estremi ed imprevedibili. Il nostro personale, grazie alla preparazione per l&#8217;alta montagna riesce ad effettuare trasporti e raggiungere le zone di intervento anche in presenza di neve alta, mediante l&#8217;uso di sci, racchette da neve, slitte per il materiale<\/p>\n<p style=\"text-align: left;\">E&#8217; un fatto che anche quest&#8217;anno hanno realizzato un intervento straordinario di manutenzione a 2700 m.s.l.m., con limitato utilizzo dell&#8217;elicottero per le condizioni meteorologiche avverse, ed in presenza di oltre 1,5 m di neve al suolo. Il trasporto a monte del materiale \u00e8 stato effettuato in parte a piedi ed in parte con elicottero e gatto delle nevi, mentre il trasporto a valle \u00e8 stato fatto interamente a piedi con l&#8217;utilizzo di un toboga e le racchette da neve.<\/p>\n<\/div><div class=\"fusion-separator\" style=\"align-self: center;margin-left: auto;margin-right: auto;margin-bottom:20px;width:100%;max-width:24%;\"><\/div><\/div><\/div><\/div><\/div><\/p>\n","protected":false},"excerpt":{"rendered":"","protected":false},"author":1,"featured_media":0,"parent":0,"menu_order":0,"comment_status":"closed","ping_status":"closed","template":"100-width.php","meta":{"footnotes":""},"class_list":["post-16","page","type-page","status-publish","hentry"],"_links":{"self":[{"href":"https:\/\/www.powergeco.it\/index.php?rest_route=\/wp\/v2\/pages\/16","targetHints":{"allow":["GET"]}}],"collection":[{"href":"https:\/\/www.powergeco.it\/index.php?rest_route=\/wp\/v2\/pages"}],"about":[{"href":"https:\/\/www.powergeco.it\/index.php?rest_route=\/wp\/v2\/types\/page"}],"author":[{"embeddable":true,"href":"https:\/\/www.powergeco.it\/index.php?rest_route=\/wp\/v2\/users\/1"}],"replies":[{"embeddable":true,"href":"https:\/\/www.powergeco.it\/index.php?rest_route=%2Fwp%2Fv2%2Fcomments&post=16"}],"version-history":[{"count":8,"href":"https:\/\/www.powergeco.it\/index.php?rest_route=\/wp\/v2\/pages\/16\/revisions"}],"predecessor-version":[{"id":2411,"href":"https:\/\/www.powergeco.it\/index.php?rest_route=\/wp\/v2\/pages\/16\/revisions\/2411"}],"wp:attachment":[{"href":"https:\/\/www.powergeco.it\/index.php?rest_route=%2Fwp%2Fv2%2Fmedia&parent=16"}],"curies":[{"name":"wp","href":"https:\/\/api.w.org\/{rel}","templated":true}]}}